{"id":1623,"date":"2026-01-23T23:40:20","date_gmt":"2026-01-23T22:40:20","guid":{"rendered":"https:\/\/manabi.gob.ec\/viasdelbicentenario\/?page_id=1623"},"modified":"2026-01-27T19:15:39","modified_gmt":"2026-01-27T18:15:39","slug":"financiamiento-bid-bde","status":"publish","type":"page","link":"https:\/\/manabi.gob.ec\/viasdelbicentenario\/financiamiento-bid-bde\/","title":{"rendered":"Financiamiento BID &#8211; BDE"},"content":{"rendered":"\t\t<div data-elementor-type=\"wp-page\" data-elementor-id=\"1623\" class=\"elementor elementor-1623\" data-elementor-post-type=\"page\">\n\t\t\t\t<div class=\"aux-parallax-section elementor-element elementor-element-73e27a2f e-con-full e-flex e-con e-parent\" data-id=\"73e27a2f\" data-element_type=\"container\" data-settings=\"{&quot;background_background&quot;:&quot;classic&quot;}\">\n\t\t<div class=\"elementor-element elementor-element-605da6d e-con-full e-flex e-con e-child\" data-id=\"605da6d\" data-element_type=\"container\">\n\t\t\t\t<div class=\"elementor-element elementor-element-5fdcfb4e elementor-widget elementor-widget-aux_modern_heading\" data-id=\"5fdcfb4e\" data-element_type=\"widget\" data-settings=\"{&quot;motion_fx_motion_fx_scrolling&quot;:&quot;yes&quot;,&quot;motion_fx_translateY_effect&quot;:&quot;yes&quot;,&quot;motion_fx_scale_effect&quot;:&quot;yes&quot;,&quot;motion_fx_scale_speed&quot;:{&quot;unit&quot;:&quot;px&quot;,&quot;size&quot;:1,&quot;sizes&quot;:[]},&quot;motion_fx_scale_range&quot;:{&quot;unit&quot;:&quot;%&quot;,&quot;size&quot;:&quot;&quot;,&quot;sizes&quot;:{&quot;start&quot;:20,&quot;end&quot;:74}},&quot;motion_fx_translateY_speed&quot;:{&quot;unit&quot;:&quot;px&quot;,&quot;size&quot;:2,&quot;sizes&quot;:[]},&quot;motion_fx_translateY_affectedRange&quot;:{&quot;unit&quot;:&quot;%&quot;,&quot;size&quot;:&quot;&quot;,&quot;sizes&quot;:{&quot;start&quot;:0,&quot;end&quot;:100}},&quot;motion_fx_scale_direction&quot;:&quot;out-in&quot;,&quot;motion_fx_devices&quot;:[&quot;desktop&quot;,&quot;tablet&quot;,&quot;mobile&quot;]}\" data-widget_type=\"aux_modern_heading.default\">\n\t\t\t\t<div class=\"elementor-widget-container\">\n\t\t\t\t\t<section class=\"aux-widget-modern-heading\">\n            <div class=\"aux-widget-inner\"><h2 class=\"aux-modern-heading-primary\">Transparencia en los Procesos<\/h2><h3 class=\"aux-modern-heading-secondary\"><span class=\"aux-head-before\">Financiamiento BID - BDE<\/span><\/h3><\/div>\n        <\/section>\t\t\t\t<\/div>\n\t\t\t\t<\/div>\n\t\t\t\t<\/div>\n\t\t\t\t<\/div>\n\t\t<div class=\"aux-parallax-section elementor-element elementor-element-507a64a5 e-flex e-con-boxed e-con e-parent\" data-id=\"507a64a5\" data-element_type=\"container\" data-settings=\"{&quot;background_background&quot;:&quot;classic&quot;}\">\n\t\t\t\t\t<div class=\"e-con-inner\">\n\t\t<div class=\"elementor-element elementor-element-1b73c419 e-con-full e-flex e-con e-child\" data-id=\"1b73c419\" data-element_type=\"container\" data-settings=\"{&quot;background_background&quot;:&quot;classic&quot;}\">\n\t\t\t\t<div class=\"elementor-element elementor-element-1d777831 elementor-widget elementor-widget-text-editor\" data-id=\"1d777831\" data-element_type=\"widget\" data-widget_type=\"text-editor.default\">\n\t\t\t\t<div class=\"elementor-widget-container\">\n\t\t\t\t\t\t\t\t\t<p>El Pintado &#8211; Santa Mar\u00eda<\/p>\t\t\t\t\t\t\t\t<\/div>\n\t\t\t\t<\/div>\n\t\t\t\t<div class=\"elementor-element elementor-element-3c130be2 elementor-widget elementor-widget-aux_modern_heading\" data-id=\"3c130be2\" data-element_type=\"widget\" data-widget_type=\"aux_modern_heading.default\">\n\t\t\t\t<div class=\"elementor-widget-container\">\n\t\t\t\t\t<section class=\"aux-widget-modern-heading\">\n            <div class=\"aux-widget-inner\"><h2 class=\"aux-modern-heading-primary\"><\/h2><h3 class=\"aux-modern-heading-secondary\"><span class=\"aux-head-before\">BID - BDE<\/span><\/h3><div class=\"aux-modern-heading-divider\"><\/div><\/div>\n        <\/section>\t\t\t\t<\/div>\n\t\t\t\t<\/div>\n\t\t\t\t<\/div>\n\t\t<div class=\"elementor-element elementor-element-6c6c89f2 e-con-full e-flex e-con e-child\" data-id=\"6c6c89f2\" data-element_type=\"container\">\n\t\t<div class=\"elementor-element elementor-element-cfd1a e-con-full e-flex e-con e-child\" data-id=\"cfd1a\" data-element_type=\"container\">\n\t\t\t\t<div class=\"elementor-element elementor-element-313bc704 elementor-widget elementor-widget-aux_modern_heading\" data-id=\"313bc704\" data-element_type=\"widget\" data-widget_type=\"aux_modern_heading.default\">\n\t\t\t\t<div class=\"elementor-widget-container\">\n\t\t\t\t\t<section class=\"aux-widget-modern-heading\">\n            <div class=\"aux-widget-inner\"><h2 class=\"aux-modern-heading-primary\">REHABILITACI\u00d3N Y CONSTRUCCI\u00d3N DE LA V\u00cdA EL PINTADO - SANTA MAR\u00cdA; (DESDE ABSCISA 18+300 HASTA 26+500 DE LA V\u00cdA BRAMADORA - EL PINTADO - SANTA MAR\u00cdA - DAMACIO - SANTA TERESA [45KM]), UBICADO EN EL CANT\u00d3N EL CARMEN, DE LA PROVINCIA DE MANAB\u00cd<\/h2><div class=\"aux-modern-heading-divider\"><\/div><\/div>\n        <\/section>\t\t\t\t<\/div>\n\t\t\t\t<\/div>\n\t\t\t\t<div class=\"elementor-element elementor-element-202ae43 elementor-widget elementor-widget-aux_modern_button\" data-id=\"202ae43\" data-element_type=\"widget\" data-widget_type=\"aux_modern_button.default\">\n\t\t\t\t<div class=\"elementor-widget-container\">\n\t\t\t\t\t    <div class=\"aux-modern-button-wrapper aux-modern-button-align-left\" >\n                    <a class=\"aux-modern-button aux-black aux-modern-button-md aux-modern-button-normal aux-modern-button-default aux-icon-\" href=\"https:\/\/www.manabi.gob.ec\/wp-content\/uploads\/2025\/12\/BOLETIN_ENMIENDAS-Nro_002_PINTADO_12_12_2025_def_-signed-signed-signed-signed-signed.pdf\">\n                <div class=\"aux-overlay\"><\/div>\n                                    <div class=\"aux-icon \">\n                                            <\/div>\n                                <div class=\"aux-text\">\n<span class=\"aux-text-before\">M\u00e1s Informaci\u00f3n<\/span>                <\/div>\n            <\/a>\n            \n    <\/div>\n\n    \t\t\t\t<\/div>\n\t\t\t\t<\/div>\n\t\t\t\t<\/div>\n\t\t\t\t<\/div>\n\t\t\t\t\t<\/div>\n\t\t\t\t<\/div>\n\t\t<div class=\"aux-parallax-section elementor-element elementor-element-f5afff0 e-flex e-con-boxed e-con e-parent\" data-id=\"f5afff0\" data-element_type=\"container\" data-settings=\"{&quot;background_background&quot;:&quot;classic&quot;}\">\n\t\t\t\t\t<div class=\"e-con-inner\">\n\t\t<div class=\"elementor-element elementor-element-5c66e727 e-con-full e-flex e-con e-child\" data-id=\"5c66e727\" data-element_type=\"container\" data-settings=\"{&quot;background_background&quot;:&quot;classic&quot;}\">\n\t\t\t\t<div class=\"elementor-element elementor-element-d79e2a3 elementor-widget elementor-widget-text-editor\" data-id=\"d79e2a3\" data-element_type=\"widget\" data-widget_type=\"text-editor.default\">\n\t\t\t\t<div class=\"elementor-widget-container\">\n\t\t\t\t\t\t\t\t\t<p>Cascol &#8211; Las Maravillas<\/p>\t\t\t\t\t\t\t\t<\/div>\n\t\t\t\t<\/div>\n\t\t\t\t<div class=\"elementor-element elementor-element-5d3fd2bf elementor-widget elementor-widget-aux_modern_heading\" data-id=\"5d3fd2bf\" data-element_type=\"widget\" data-widget_type=\"aux_modern_heading.default\">\n\t\t\t\t<div class=\"elementor-widget-container\">\n\t\t\t\t\t<section class=\"aux-widget-modern-heading\">\n            <div class=\"aux-widget-inner\"><h2 class=\"aux-modern-heading-primary\"><\/h2><h3 class=\"aux-modern-heading-secondary\"><span class=\"aux-head-before\">BID - BDE<\/span><\/h3><div class=\"aux-modern-heading-divider\"><\/div><\/div>\n        <\/section>\t\t\t\t<\/div>\n\t\t\t\t<\/div>\n\t\t\t\t<\/div>\n\t\t<div class=\"elementor-element elementor-element-1ee92625 e-con-full e-flex e-con e-child\" data-id=\"1ee92625\" data-element_type=\"container\">\n\t\t<div class=\"elementor-element elementor-element-23bd3d3b e-con-full e-flex e-con e-child\" data-id=\"23bd3d3b\" data-element_type=\"container\">\n\t\t\t\t<div class=\"elementor-element elementor-element-573376f2 elementor-widget elementor-widget-aux_modern_heading\" data-id=\"573376f2\" data-element_type=\"widget\" data-widget_type=\"aux_modern_heading.default\">\n\t\t\t\t<div class=\"elementor-widget-container\">\n\t\t\t\t\t<section class=\"aux-widget-modern-heading\">\n            <div class=\"aux-widget-inner\"><h2 class=\"aux-modern-heading-primary\">CONSTRUCCI\u00d3N DEL TRAMO CASCOL - LAS MARAVILLAS DE LA V\u00cdA CASCOL - LAS MARAVILLAS - LOS PALMARES - EL RECUERDO, UBICADA EN EL CANT\u00d3N PAJ\u00c1N DE LA PROVINCIA DE MANAB\u00cd<\/h2><div class=\"aux-modern-heading-divider\"><\/div><\/div>\n        <\/section>\t\t\t\t<\/div>\n\t\t\t\t<\/div>\n\t\t\t\t<div class=\"elementor-element elementor-element-23d8f40e elementor-widget elementor-widget-aux_modern_button\" data-id=\"23d8f40e\" data-element_type=\"widget\" data-widget_type=\"aux_modern_button.default\">\n\t\t\t\t<div class=\"elementor-widget-container\">\n\t\t\t\t\t    <div class=\"aux-modern-button-wrapper aux-modern-button-align-left\" >\n                    <a class=\"aux-modern-button aux-black aux-modern-button-md aux-modern-button-normal aux-modern-button-default aux-icon-\" href=\"https:\/\/www.manabi.gob.ec\/wp-content\/uploads\/2025\/12\/BOLETIN_ENMIENDAS-Nro_002_CASCOL_12_12_2025_def-signed-signed-signed-signed-signed.pdf\">\n                <div class=\"aux-overlay\"><\/div>\n                                    <div class=\"aux-icon \">\n                                            <\/div>\n                                <div class=\"aux-text\">\n<span class=\"aux-text-before\">M\u00e1s Informaci\u00f3n<\/span>                <\/div>\n            <\/a>\n            \n    <\/div>\n\n    \t\t\t\t<\/div>\n\t\t\t\t<\/div>\n\t\t\t\t<\/div>\n\t\t\t\t<\/div>\n\t\t\t\t\t<\/div>\n\t\t\t\t<\/div>\n\t\t<div class=\"aux-parallax-section elementor-element elementor-element-61737307 e-flex e-con-boxed e-con e-parent\" data-id=\"61737307\" data-element_type=\"container\" data-settings=\"{&quot;background_background&quot;:&quot;classic&quot;}\">\n\t\t\t\t\t<div class=\"e-con-inner\">\n\t\t<div class=\"elementor-element elementor-element-d69114 e-con-full e-flex e-con e-child\" data-id=\"d69114\" data-element_type=\"container\">\n\t\t<div class=\"elementor-element elementor-element-1ce3ca9d e-grid e-con-full aux-appear-watch-animation aux-fade-in-up e-con e-child\" data-id=\"1ce3ca9d\" data-element_type=\"container\">\n\t\t\t\t<div class=\"elementor-element elementor-element-78b49503 elementor-position-inline-start elementor-view-default elementor-mobile-position-block-start elementor-widget elementor-widget-icon-box\" data-id=\"78b49503\" data-element_type=\"widget\" data-widget_type=\"icon-box.default\">\n\t\t\t\t<div class=\"elementor-widget-container\">\n\t\t\t\t\t\t\t<div class=\"elementor-icon-box-wrapper\">\n\n\t\t\t\t\t\t<div class=\"elementor-icon-box-icon\">\n\t\t\t\t<span  class=\"elementor-icon\">\n\t\t\t\t<svg xmlns=\"http:\/\/www.w3.org\/2000\/svg\" id=\"Layer_2\" data-name=\"Layer 2\" viewBox=\"0 0 70.57 76.08\"><g id=\"Layer_1-2\" data-name=\"Layer 1\"><g id=\"nanxYV\"><g><path d=\"M28.4,64.73c.4.85.62,1.81.02,2.61l-8.47,8.47-1.68.27L.02,57.61c-.06-.42.03-.81.16-1.21.6-1.88,7.36-7.17,8.94-9.06,2.12-1.08,2.8,1.92,4.52,2.46.7-.1,6.07-6.04,7.53-7.02,1.07-.72,4.53-1.79,4.75-2,.3-.29.52-1.66.96-2.33,2.11-3.26,4.28-2.16,6.71-3.32.97-.46,1.72-1.77,3.28-2.25,1.04-.32,1.86-.36,2.93-.36,1.47-3.44-.97-4.6-2.1-7.34-2.1-5.1-.85-10.61,2.82-14.6,3.24-3.52,7.7-4.35,11.66-6.68,1.06-.62,5-3.82,5.49-3.88,2.4-.26,3.41,4.42,3.81,6.23,2.24,10.32-.96,23.03-13.26,24.17-2.27.21-3.32-2.17-1.65-3.41,1.06-.79,4.61-1.15,6.53-2.46,6.14-4.18,6.32-13.03,3.86-19.31-5.09,4.46-14.68,4.99-16.28,12.78-.29,1.42-.14,5.63.89,6.59.62.58.58-.23.72-.49,2.43-4.59,5.68-9.9,10.47-12.24.87.32,2.08,1.14,1.98,2.16-1.75,2.44-4.21,4.33-6.04,6.79-2.56,3.46-4.39,7.46-5.05,11.73,3.72-1.23,6.02,3.42,8.05,4.24,2.25.91,5.52-.45,7.4,2.66,1.55-.71,2.14-2.37,3.83-3.02,5.6-2.14,9.83,3.68,6.47,8.89-2.02,3.14-12.67,16.2-15.4,17.82-.55.33-3.23,1.59-3.6,1.59h-21.97ZM56.43,41.9c-2.12-1.62-4.31-.66-6.71-1.78-2.05-.96-2.94-3.51-5.22-3.78-1.2-.14-5.07-.17-6.16.08s-2.07,1.72-3.28,2.26-4.49.75-4.92,1.65c-.4.85,2.4.47,2.9.55,2.55.42,4.68,2.48,5.93,2.72,4.45.85,10.35-1.61,14.24,1.69.54.05,3.53-2.97,3.22-3.4ZM50.38,55.04h-16.95c-.84,0-1.7-2.98.5-3.65,2.79-.81,14.51.68,16.13-.48s.7-3.25-1.4-3.49c-3.22-.38-8.07.6-11.01-.07-.98-.22-2.07-1.58-3.13-2.06-2.17-.99-7.98-.99-10.15,0-1.15.52-7.74,6.73-7.74,7.5l7.63,7.95,25.05.15,4.35-2.22,12.97-16.1c.67-2.68-1.13-3.52-3.29-1.89-1.32.99-7.25,6.86-8.14,8.12-1.02,1.45-.84,3.33-2.23,4.69-.33.32-2.27,1.49-2.6,1.56ZM24.25,66.45l-14.06-14.5c-.38-.07-5.18,4.67-5.28,5.06s0,.7.29.98l13.39,13.28c1.01.18,4.38-4.73,5.66-4.83Z\"><\/path><path d=\"M19.65,15.32c1.62-.47,5.78.45,7.46,1.04,6.05,2.14,8.95,7.24,8.22,13.6-.38,3.27-5.02,2.33-7.34,1.79-5.44-1.26-8.18-5.65-9.18-10.89-.3-1.58-1.12-4.97.84-5.54ZM31.52,28.39c.54-5.32-4.04-8.92-8.99-9,.52,5.22,3.43,9.03,8.99,9Z\"><\/path><path d=\"M9.28,55.1c2.76-.58,3.37,3.04,1.23,3.67-2.97.88-3.65-3.17-1.23-3.67Z\"><\/path><\/g><\/g><\/g><\/svg>\t\t\t\t<\/span>\n\t\t\t<\/div>\n\t\t\t\n\t\t\t\t\t\t<div class=\"elementor-icon-box-content\">\n\n\t\t\t\t\n\t\t\t\t\t\t\t\t\t<p class=\"elementor-icon-box-description\">\n\t\t\t\t\t\tPlan de Manejo\nAmbiental y Social\t\t\t\t\t<\/p>\n\t\t\t\t\n\t\t\t<\/div>\n\t\t\t\n\t\t<\/div>\n\t\t\t\t\t\t<\/div>\n\t\t\t\t<\/div>\n\t\t\t\t<div class=\"elementor-element elementor-element-4d3ddfd5 elementor-position-inline-start elementor-view-default elementor-mobile-position-block-start elementor-widget elementor-widget-icon-box\" data-id=\"4d3ddfd5\" data-element_type=\"widget\" data-widget_type=\"icon-box.default\">\n\t\t\t\t<div class=\"elementor-widget-container\">\n\t\t\t\t\t\t\t<div class=\"elementor-icon-box-wrapper\">\n\n\t\t\t\t\t\t<div class=\"elementor-icon-box-icon\">\n\t\t\t\t<span  class=\"elementor-icon\">\n\t\t\t\t<svg xmlns=\"http:\/\/www.w3.org\/2000\/svg\" id=\"Layer_2\" data-name=\"Layer 2\" viewBox=\"0 0 52.11 65.8\"><g id=\"Layer_1-2\" data-name=\"Layer 1\"><g><path d=\"M9.12,65.8C4.19,65.07.33,61.15,0,56.11V16.2C-.07,11.81,4.79,6.52,9.18,6.52h9.17V2.09c0-.75,1.44-2.04,2.26-1.97,3.43.2,7.26-.32,10.64-.02.56.05,1.31.34,1.71.72.19.18.78,1.2.78,1.4v4.3h9.17c4.41,0,9.21,5.31,9.18,9.68l-.02,26.94c-.53,2.77-4.2,3.08-5.06.34l-.07-27c.03-2.14-2.4-4.83-4.54-4.83h-8.66v2.12c0,4-4.73,7.23-8.52,6.85-3.06-.3-6.88-3.49-6.88-6.72v-2.25h-8.66c-2.17,0-4.54,2.66-4.55,4.81v39.27c.21,2.72,2.11,4.64,4.81,4.93h32.32c2.18-.27,4.05-1.79,4.54-3.95.14-.6.1-1.27.22-1.83.61-2.81,5.33-2.63,5.07,1.35-.3,4.75-4.36,9.05-9.11,9.56H9.12ZM28.62,5.23h-5.13v8.28c0,.07.26.57.33.7.8,1.45,2.83,1.72,4.02.57.19-.18.78-1.2.78-1.4V5.23Z\"><\/path><path d=\"M40.25,29.66c1,1.08.77,2.26.1,3.41-3.25,5.58-8.07,10.93-11.48,16.49-1.83,2.11-4.58,2.89-7.25,2-1.55-.52-2.92-1.97-4.1-3.08-.99-.93-5.28-5.01-5.64-5.91-1.06-2.65,1.86-4.71,4.3-2.76,2.19,1.76,4.43,5.06,6.61,6.61.77.55,1.39.51,2.12-.1l11.61-16.72c.99-1.03,2.77-1,3.75.05Z\"><\/path><\/g><\/g><\/svg>\t\t\t\t<\/span>\n\t\t\t<\/div>\n\t\t\t\n\t\t\t\t\t\t<div class=\"elementor-icon-box-content\">\n\n\t\t\t\t\n\t\t\t\t\t\t\t\t\t<p class=\"elementor-icon-box-description\">\n\t\t\t\t\t\tAuditor\u00eda de Seguridad Vial\t\t\t\t\t<\/p>\n\t\t\t\t\n\t\t\t<\/div>\n\t\t\t\n\t\t<\/div>\n\t\t\t\t\t\t<\/div>\n\t\t\t\t<\/div>\n\t\t\t\t<div class=\"elementor-element elementor-element-40bff2ba elementor-position-inline-start elementor-view-default elementor-mobile-position-block-start elementor-widget elementor-widget-icon-box\" data-id=\"40bff2ba\" data-element_type=\"widget\" data-widget_type=\"icon-box.default\">\n\t\t\t\t<div class=\"elementor-widget-container\">\n\t\t\t\t\t\t\t<div class=\"elementor-icon-box-wrapper\">\n\n\t\t\t\t\t\t<div class=\"elementor-icon-box-icon\">\n\t\t\t\t<span  class=\"elementor-icon\">\n\t\t\t\t<svg xmlns=\"http:\/\/www.w3.org\/2000\/svg\" id=\"Layer_2\" data-name=\"Layer 2\" viewBox=\"0 0 78.92 56.95\"><defs><style>      .cls-1 {        fill: #fff;      }    <\/style><\/defs><g id=\"Layer_1-2\" data-name=\"Layer 1\"><g id=\"_122WRd\" data-name=\"122WRd\"><g><path d=\"M58.26,35.85l-8.48,5.94,2.2,10.99c-.28,3.3-4.61,4.1-5.96,1.07l-2.81-13.48c.1-.91.4-1.72,1.04-2.39l8.12-5.43c.35-.16.16-.74-.08-.87-.42-.25-8.27,2.32-9.46,2.37-.51.23-.89,1.04-1.42,1.41-1.21.83-2.18.7-3.31-.16l-12.75,3.24.63,2.52c-2.4.2-5.14,1.14-7.5,1.24-2.7.12-3.82-3.89-1.58-5.21.89-.52,6.06-2.37,7.15-2.61.12-.03.24-.04.36-.03l.48,2.35,12.73-3.15c-.08-.96.28-1.75.62-2.61,1.54-4,4.03-9.74,6.03-13.49,1.1-2.07,3.19-3.65,5.57-3.88,3.05-.29,9.21-.27,12.29,0,1.04.09,1.84.46,2.57,1.21l6.99,9.78c.5.29,5.13-1.35,6.2-1.39.93-.03,1.37.74.77,1.42-.49.55-4.9,1.3-5.89,1.58.25,3.45-3.62,4.32-5.3,1.43l-4.16,1.08,1.11,2.28v23.61c-.66,2.18-3.37,2.97-5.12,1.51-.35-.29-1.02-1.39-1.02-1.81v-18.5ZM61.25,18.84h-3.62l4.95,8.34c1.09-.45,2.41-.53,3.49-.93.17-.06.27.08.21-.24l-5.03-7.17ZM43.46,32.07l7.87-2.12-3.78-6.69-4.09,8.81Z\"><\/path><path d=\"M0,56.95l.56-1.25c4.57-6.3,8.15-14.13,12.78-20.28.69-.92,1.28-1.42,2.49-.99.39.14.98.46.86.95-4.2,1.08-3.18,8.07.91,8.62,1.47.2,2.9-.53,4.37-.45l8.42,13.4H0Z\"><\/path><path d=\"M50.7,6.09c1.79,8.42-10.09,11.52-12.6,3.31l-1.25.15c-1.32-6.35,4.9-11.58,10.9-8.77,1.99.93,3.46,2.8,4.05,4.9l-1.09.41Z\"><\/path><path class=\"cls-1\" d=\"M61.25,18.84l5.03,7.17c.06.32-.04.18-.21.24-1.08.4-2.4.47-3.49.93l-4.95-8.34h3.62Z\"><\/path><polygon class=\"cls-1\" points=\"43.46 32.07 47.55 23.25 51.33 29.94 43.46 32.07\"><\/polygon><\/g><\/g><\/g><\/svg>\t\t\t\t<\/span>\n\t\t\t<\/div>\n\t\t\t\n\t\t\t\t\t\t<div class=\"elementor-icon-box-content\">\n\n\t\t\t\t\n\t\t\t\t\t\t\t\t\t<p class=\"elementor-icon-box-description\">\n\t\t\t\t\t\tSupervisi\u00f3n t\u00e9cnica de la obra\t\t\t\t\t<\/p>\n\t\t\t\t\n\t\t\t<\/div>\n\t\t\t\n\t\t<\/div>\n\t\t\t\t\t\t<\/div>\n\t\t\t\t<\/div>\n\t\t\t\t<div class=\"elementor-element elementor-element-26d558d1 elementor-widget elementor-widget-spacer\" data-id=\"26d558d1\" data-element_type=\"widget\" data-widget_type=\"spacer.default\">\n\t\t\t\t<div class=\"elementor-widget-container\">\n\t\t\t\t\t\t\t<div class=\"elementor-spacer\">\n\t\t\t<div class=\"elementor-spacer-inner\"><\/div>\n\t\t<\/div>\n\t\t\t\t\t\t<\/div>\n\t\t\t\t<\/div>\n\t\t\t\t<div class=\"elementor-element elementor-element-1de04ba6 elementor-position-inline-start elementor-view-default elementor-mobile-position-block-start elementor-widget elementor-widget-icon-box\" data-id=\"1de04ba6\" data-element_type=\"widget\" data-widget_type=\"icon-box.default\">\n\t\t\t\t<div class=\"elementor-widget-container\">\n\t\t\t\t\t\t\t<div class=\"elementor-icon-box-wrapper\">\n\n\t\t\t\t\t\t<div class=\"elementor-icon-box-icon\">\n\t\t\t\t<span  class=\"elementor-icon\">\n\t\t\t\t<svg xmlns=\"http:\/\/www.w3.org\/2000\/svg\" id=\"Layer_2\" data-name=\"Layer 2\" viewBox=\"0 0 54.52 52.65\"><g id=\"Layer_1-2\" data-name=\"Layer 1\"><g id=\"V6OQCl\"><g><path d=\"M7.37,44.57C-4.76,31.95-1.47,11.21,13.95,3.04c7.03-3.73,17.02-4.23,24.1-.33,2.63,1.45.95,4.97-1.64,4.15-1.69-.54-3.06-1.43-4.99-1.87C10.6.19-4.21,24.87,9.87,40.82c13.91,15.76,39.17,5.06,38.33-16.2-.05-1.21-.63-2.4.21-3.48s2.72-1.12,3.54.06c.7,1.01.78,4.95.72,6.27-1.04,23-29.26,33.77-45.29,17.1Z\"><\/path><path d=\"M49.8,2.36c3.79-.59,6.17,3.65,3.73,6.57l-26.05,28.03c-1.63,1.53-3.9,1.62-5.62.16l-8.87-10.32c-2.43-3.87,2.18-8,5.76-5.32l5.94,6.7L46.88,4.34c.85-.86,1.65-1.79,2.92-1.99Z\"><\/path><\/g><\/g><\/g><\/svg>\t\t\t\t<\/span>\n\t\t\t<\/div>\n\t\t\t\n\t\t\t\t\t\t<div class=\"elementor-icon-box-content\">\n\n\t\t\t\t\n\t\t\t\t\t\t\t\t\t<p class=\"elementor-icon-box-description\">\n\t\t\t\t\t\tValidaci\u00f3n\nde estudios\t\t\t\t\t<\/p>\n\t\t\t\t\n\t\t\t<\/div>\n\t\t\t\n\t\t<\/div>\n\t\t\t\t\t\t<\/div>\n\t\t\t\t<\/div>\n\t\t\t\t<div class=\"elementor-element elementor-element-42872c3f elementor-position-inline-start elementor-view-default elementor-mobile-position-block-start elementor-widget elementor-widget-icon-box\" data-id=\"42872c3f\" data-element_type=\"widget\" data-widget_type=\"icon-box.default\">\n\t\t\t\t<div class=\"elementor-widget-container\">\n\t\t\t\t\t\t\t<div class=\"elementor-icon-box-wrapper\">\n\n\t\t\t\t\t\t<div class=\"elementor-icon-box-icon\">\n\t\t\t\t<span  class=\"elementor-icon\">\n\t\t\t\t<svg xmlns=\"http:\/\/www.w3.org\/2000\/svg\" id=\"Layer_2\" data-name=\"Layer 2\" viewBox=\"0 0 44.81 72.27\"><g id=\"Layer_1-2\" data-name=\"Layer 1\"><g id=\"NF9Eg0\"><g><path d=\"M12.77,5.06h31.45c.29,0,.67.64.58.95l-.04,59.7c-.03.3-.4.54-.68.59-.57.09-3.6-.12-3.74.01-1.53,7.89-12.69,7.95-14.42.12l-.15-.11-25.43-.11-.32-.32-.03-60.45c.07-.08.34-.38.38-.38h4.64V.81c0-.27.55-.65.83-.69,1.15-.18,4.61-.12,5.84-.01.46.04,1.07.3,1.07.83v4.13ZM10.99,1.89h-4.19v8.64h4.19V1.89ZM5.02,6.72H1.59v57.75l24.27.06c.1-4.45,4.34-7.64,8.67-6.83,3.24.6,5.84,3.51,5.94,6.83h2.67V6.91l-.19-.19H12.77v4.76c0,.53-.61.79-1.07.83-1.23.11-4.69.17-5.84-.01-.29-.04-.83-.43-.83-.69v-4.89ZM32.31,59.36c-7.53.91-5.53,12.97,2.19,11.09,6.71-1.64,5.08-11.97-2.19-11.09Z\"><\/path><path d=\"M37,40.61c-.05.07-.35.24-.44.26l-28.06.04c-1.29.01-1.4-1.66-.12-1.79h27.96c.69.07,1.1.93.65,1.49Z\"><\/path><path d=\"M8.03,20.85l28.75.04c.71.44.42,1.59-.44,1.59H8.25c-.92-.19-1.08-1.16-.22-1.63Z\"><\/path><path d=\"M8.16,30l28.18-.03c1.02.02,1.18,1.53.13,1.66H8.25c-1.04,0-1.01-1.43-.1-1.63Z\"><\/path><path d=\"M7.72,49.32c.15-.15.45-.15.66-.17l28.4.07c.71.44.42,1.59-.44,1.59H8.25c-.7-.03-1.02-1.03-.53-1.49Z\"><\/path><path d=\"M36.11,62.65c.85-.19,1.43.56.92,1.31-.26.39-3.89,3.31-4.46,3.67-.3.19-.49.35-.85.25-.44-.12-2.52-2.25-2.64-2.71-.21-.78.39-1.16,1.13-.99.69.16,1.36,1.76,1.91,1.61l3.99-3.14Z\"><\/path><\/g><\/g><\/g><\/svg>\t\t\t\t<\/span>\n\t\t\t<\/div>\n\t\t\t\n\t\t\t\t\t\t<div class=\"elementor-icon-box-content\">\n\n\t\t\t\t\n\t\t\t\t\t\t\t\t\t<p class=\"elementor-icon-box-description\">\n\t\t\t\t\t\tInforme final\t\t\t\t\t<\/p>\n\t\t\t\t\n\t\t\t<\/div>\n\t\t\t\n\t\t<\/div>\n\t\t\t\t\t\t<\/div>\n\t\t\t\t<\/div>\n\t\t\t\t<\/div>\n\t\t\t\t<\/div>\n\t\t<div class=\"elementor-element elementor-element-68898c83 e-con-full e-flex e-con e-child\" data-id=\"68898c83\" data-element_type=\"container\">\n\t\t\t\t<div class=\"elementor-element elementor-element-64dd854b aux-appear-watch-animation aux-fade-in-up elementor-widget elementor-widget-aux_modern_heading\" data-id=\"64dd854b\" data-element_type=\"widget\" data-widget_type=\"aux_modern_heading.default\">\n\t\t\t\t<div class=\"elementor-widget-container\">\n\t\t\t\t\t<section class=\"aux-widget-modern-heading\">\n            <div class=\"aux-widget-inner\"><h2 class=\"aux-modern-heading-primary\"><\/h2><h3 class=\"aux-modern-heading-secondary\"><span class=\"aux-head-before\">Una obra de alto nivel<\/span><\/h3><div class=\"aux-modern-heading-description\"><p>En esta transformaci\u00f3n vial, el proceso de fiscalizaci\u00f3n garantizar\u00e1 el correcto desarrollo de la construcci\u00f3n de la obra y el uso eficiente de los recursos, a trav\u00e9s de cinco componentes esenciales:<\/p><\/div><\/div>\n        <\/section>\t\t\t\t<\/div>\n\t\t\t\t<\/div>\n\t\t\t\t<\/div>\n\t\t\t\t\t<\/div>\n\t\t\t\t<\/div>\n\t\t<div class=\"aux-parallax-section elementor-element elementor-element-1309e72 e-flex e-con-boxed e-con e-parent\" data-id=\"1309e72\" data-element_type=\"container\">\n\t\t\t\t\t<div class=\"e-con-inner\">\n\t\t\t\t\t<\/div>\n\t\t\t\t<\/div>\n\t\t\t\t<\/div>\n\t\t","protected":false},"excerpt":{"rendered":"<p>Transparencia en los Procesos Financiamiento BID &#8211; BDE El Pintado &#8211; Santa Mar\u00eda BID &#8211; BDE REHABILITACI\u00d3N Y CONSTRUCCI\u00d3N DE LA V\u00cdA EL PINTADO &#8211; SANTA MAR\u00cdA; (DESDE ABSCISA 18+300 HASTA 26+500 DE LA V\u00cdA BRAMADORA &#8211; EL PINTADO &#8211; SANTA MAR\u00cdA &#8211; DAMACIO &#8211; SANTA TERESA [45KM]), UBICADO EN EL CANT\u00d3N EL CARMEN, DE [&hellip;]<\/p>\n","protected":false},"author":1,"featured_media":0,"parent":0,"menu_order":0,"comment_status":"closed","ping_status":"closed","template":"","meta":{"footnotes":""},"class_list":["post-1623","page","type-page","status-publish","hentry"],"_links":{"self":[{"href":"https:\/\/manabi.gob.ec\/viasdelbicentenario\/wp-json\/wp\/v2\/pages\/1623","targetHints":{"allow":["GET"]}}],"collection":[{"href":"https:\/\/manabi.gob.ec\/viasdelbicentenario\/wp-json\/wp\/v2\/pages"}],"about":[{"href":"https:\/\/manabi.gob.ec\/viasdelbicentenario\/wp-json\/wp\/v2\/types\/page"}],"author":[{"embeddable":true,"href":"https:\/\/manabi.gob.ec\/viasdelbicentenario\/wp-json\/wp\/v2\/users\/1"}],"replies":[{"embeddable":true,"href":"https:\/\/manabi.gob.ec\/viasdelbicentenario\/wp-json\/wp\/v2\/comments?post=1623"}],"version-history":[{"count":13,"href":"https:\/\/manabi.gob.ec\/viasdelbicentenario\/wp-json\/wp\/v2\/pages\/1623\/revisions"}],"predecessor-version":[{"id":1784,"href":"https:\/\/manabi.gob.ec\/viasdelbicentenario\/wp-json\/wp\/v2\/pages\/1623\/revisions\/1784"}],"wp:attachment":[{"href":"https:\/\/manabi.gob.ec\/viasdelbicentenario\/wp-json\/wp\/v2\/media?parent=1623"}],"curies":[{"name":"wp","href":"https:\/\/api.w.org\/{rel}","templated":true}]}}