{"id":1032,"date":"2025-09-29T22:54:18","date_gmt":"2025-09-29T20:54:18","guid":{"rendered":"https:\/\/manabi.gob.ec\/viasdelbicentenario\/?page_id=1032"},"modified":"2026-01-06T22:17:11","modified_gmt":"2026-01-06T21:17:11","slug":"el-pintado-santa-maria","status":"publish","type":"page","link":"https:\/\/manabi.gob.ec\/viasdelbicentenario\/el-pintado-santa-maria\/","title":{"rendered":"Cascol &#8211; Las Maravillas"},"content":{"rendered":"\t\t<div data-elementor-type=\"wp-page\" data-elementor-id=\"1032\" class=\"elementor elementor-1032\" data-elementor-post-type=\"page\">\n\t\t\t\t<div class=\"aux-parallax-section elementor-element elementor-element-63e7f252 e-flex e-con-boxed e-con e-parent\" data-id=\"63e7f252\" data-element_type=\"container\" id=\"package\" data-settings=\"{&quot;background_background&quot;:&quot;classic&quot;}\">\n\t\t\t\t\t<div class=\"e-con-inner\">\n\t\t<div class=\"elementor-element elementor-element-6aa9924d e-con-full e-flex e-con e-child\" data-id=\"6aa9924d\" data-element_type=\"container\">\n\t\t\t\t<div class=\"elementor-element elementor-element-35c19db elementor-widget elementor-widget-heading\" data-id=\"35c19db\" data-element_type=\"widget\" data-widget_type=\"heading.default\">\n\t\t\t\t<div class=\"elementor-widget-container\">\n\t\t\t\t\t<h2 class=\"elementor-heading-title elementor-size-default\">Cascol - Las Maravillas<\/h2>\t\t\t\t<\/div>\n\t\t\t\t<\/div>\n\t\t\t\t<div class=\"elementor-element elementor-element-4cc135c4 elementor-widget elementor-widget-text-editor\" data-id=\"4cc135c4\" data-element_type=\"widget\" data-widget_type=\"text-editor.default\">\n\t\t\t\t<div class=\"elementor-widget-container\">\n\t\t\t\t\t\t\t\t\t<p style=\"text-align: left;\">Gracias a la visi\u00f3n y gesti\u00f3n del prefecto Leonardo\u00a0 Orlando, Paj\u00e1n contar\u00e1 con una nueva obra vial. Se trata de la construcci\u00f3n de la v\u00eda Cascol &#8211; Las Maravillas, de 15 km. La obra, que representa bienestar, desarrollo y progreso para este cant\u00f3n manabita; cuenta con financiamiento aprobado por el Banco de Desarrollo del Ecuador B.P, con fondos internacionales del BID. As\u00ed este cant\u00f3n manabita se suma al programa V\u00edas del Bicentenario<\/p>\t\t\t\t\t\t\t\t<\/div>\n\t\t\t\t<\/div>\n\t\t\t\t<\/div>\n\t\t\t\t\t<\/div>\n\t\t\t\t<\/div>\n\t\t<div class=\"aux-parallax-section elementor-element elementor-element-6082f526 e-flex e-con-boxed e-con e-parent\" data-id=\"6082f526\" data-element_type=\"container\" data-settings=\"{&quot;background_background&quot;:&quot;classic&quot;}\">\n\t\t\t\t\t<div class=\"e-con-inner\">\n\t\t<div class=\"elementor-element elementor-element-2f0544d0 e-con-full e-flex e-con e-child\" data-id=\"2f0544d0\" data-element_type=\"container\" data-settings=\"{&quot;animation&quot;:&quot;none&quot;}\">\n\t\t\t\t<div class=\"elementor-element elementor-element-5d1f2109 aux-appear-watch-animation aux-mask-from-top elementor-widget elementor-widget-aux_image\" data-id=\"5d1f2109\" data-element_type=\"widget\" data-widget_type=\"aux_image.default\">\n\t\t\t\t<div class=\"elementor-widget-container\">\n\t\t\t\t\t<section class=\"widget-container aux-widget-image aux-alignnone aux-parent-au8d75e6d4\">\n    <div class=\"aux-media-hint-frame \">\n        <div class=\"aux-media-image \" >\n        \n            \n\n            \n            <img fetchpriority=\"high\" decoding=\"async\" width=\"2560\" height=\"1810\" src=\"https:\/\/manabi.gob.ec\/viasdelbicentenario\/wp-content\/uploads\/2025\/11\/WhatsApp-Image-2025-11-20-at-09.25.54-1-scaled.jpeg\" class=\"aux-attachment aux-featured-image aux-attachment-id-1237\" alt=\"WhatsApp Image 2025-11-20 at 09.25.54 (1)\" data-ratio=\"1.41\" data-original-w=\"2560\" \/>            \n                <\/div>\n    <\/div>\n\n<\/section><!-- widget-container -->\t\t\t\t<\/div>\n\t\t\t\t<\/div>\n\t\t\t\t<\/div>\n\t\t\t\t\t<\/div>\n\t\t\t\t<\/div>\n\t\t<div class=\"aux-parallax-section elementor-element elementor-element-334f1afc e-flex e-con-boxed e-con e-parent\" data-id=\"334f1afc\" data-element_type=\"container\">\n\t\t\t\t\t<div class=\"e-con-inner\">\n\t\t<div class=\"elementor-element elementor-element-3cc306f6 e-con-full e-flex e-con e-child\" data-id=\"3cc306f6\" data-element_type=\"container\">\n\t\t\t\t<div class=\"elementor-element elementor-element-48d8428 aux-appear-watch-animation aux-fade-in-up elementor-widget elementor-widget-aux_modern_heading\" data-id=\"48d8428\" data-element_type=\"widget\" data-widget_type=\"aux_modern_heading.default\">\n\t\t\t\t<div class=\"elementor-widget-container\">\n\t\t\t\t\t<section class=\"aux-widget-modern-heading\">\n            <div class=\"aux-widget-inner\"><h2 class=\"aux-modern-heading-primary\"><\/h2><h3 class=\"aux-modern-heading-secondary\"><span class=\"aux-head-before\">Paj\u00e1n se suma<br> a la gran transformaci\u00f3n<br> vial de Manab\u00ed<\/span><\/h3><\/div>\n        <\/section>\t\t\t\t<\/div>\n\t\t\t\t<\/div>\n\t\t\t\t<\/div>\n\t\t<div class=\"elementor-element elementor-element-40d591a8 e-con-full e-flex e-con e-child\" data-id=\"40d591a8\" data-element_type=\"container\">\n\t\t<div class=\"elementor-element elementor-element-267a08d1 e-grid e-con-full aux-appear-watch-animation aux-fade-in-up e-con e-child\" data-id=\"267a08d1\" data-element_type=\"container\">\n\t\t\t\t<div class=\"elementor-element elementor-element-3867dc01 elementor-view-default elementor-position-block-start elementor-mobile-position-block-start elementor-widget elementor-widget-icon-box\" data-id=\"3867dc01\" data-element_type=\"widget\" data-widget_type=\"icon-box.default\">\n\t\t\t\t<div class=\"elementor-widget-container\">\n\t\t\t\t\t\t\t<div class=\"elementor-icon-box-wrapper\">\n\n\t\t\t\t\t\t<div class=\"elementor-icon-box-icon\">\n\t\t\t\t<span  class=\"elementor-icon\">\n\t\t\t\t<svg xmlns=\"http:\/\/www.w3.org\/2000\/svg\" id=\"Layer_2\" data-name=\"Layer 2\" viewBox=\"0 0 70.57 76.08\"><g id=\"Layer_1-2\" data-name=\"Layer 1\"><g id=\"nanxYV\"><g><path d=\"M28.4,64.73c.4.85.62,1.81.02,2.61l-8.47,8.47-1.68.27L.02,57.61c-.06-.42.03-.81.16-1.21.6-1.88,7.36-7.17,8.94-9.06,2.12-1.08,2.8,1.92,4.52,2.46.7-.1,6.07-6.04,7.53-7.02,1.07-.72,4.53-1.79,4.75-2,.3-.29.52-1.66.96-2.33,2.11-3.26,4.28-2.16,6.71-3.32.97-.46,1.72-1.77,3.28-2.25,1.04-.32,1.86-.36,2.93-.36,1.47-3.44-.97-4.6-2.1-7.34-2.1-5.1-.85-10.61,2.82-14.6,3.24-3.52,7.7-4.35,11.66-6.68,1.06-.62,5-3.82,5.49-3.88,2.4-.26,3.41,4.42,3.81,6.23,2.24,10.32-.96,23.03-13.26,24.17-2.27.21-3.32-2.17-1.65-3.41,1.06-.79,4.61-1.15,6.53-2.46,6.14-4.18,6.32-13.03,3.86-19.31-5.09,4.46-14.68,4.99-16.28,12.78-.29,1.42-.14,5.63.89,6.59.62.58.58-.23.72-.49,2.43-4.59,5.68-9.9,10.47-12.24.87.32,2.08,1.14,1.98,2.16-1.75,2.44-4.21,4.33-6.04,6.79-2.56,3.46-4.39,7.46-5.05,11.73,3.72-1.23,6.02,3.42,8.05,4.24,2.25.91,5.52-.45,7.4,2.66,1.55-.71,2.14-2.37,3.83-3.02,5.6-2.14,9.83,3.68,6.47,8.89-2.02,3.14-12.67,16.2-15.4,17.82-.55.33-3.23,1.59-3.6,1.59h-21.97ZM56.43,41.9c-2.12-1.62-4.31-.66-6.71-1.78-2.05-.96-2.94-3.51-5.22-3.78-1.2-.14-5.07-.17-6.16.08s-2.07,1.72-3.28,2.26-4.49.75-4.92,1.65c-.4.85,2.4.47,2.9.55,2.55.42,4.68,2.48,5.93,2.72,4.45.85,10.35-1.61,14.24,1.69.54.05,3.53-2.97,3.22-3.4ZM50.38,55.04h-16.95c-.84,0-1.7-2.98.5-3.65,2.79-.81,14.51.68,16.13-.48s.7-3.25-1.4-3.49c-3.22-.38-8.07.6-11.01-.07-.98-.22-2.07-1.58-3.13-2.06-2.17-.99-7.98-.99-10.15,0-1.15.52-7.74,6.73-7.74,7.5l7.63,7.95,25.05.15,4.35-2.22,12.97-16.1c.67-2.68-1.13-3.52-3.29-1.89-1.32.99-7.25,6.86-8.14,8.12-1.02,1.45-.84,3.33-2.23,4.69-.33.32-2.27,1.49-2.6,1.56ZM24.25,66.45l-14.06-14.5c-.38-.07-5.18,4.67-5.28,5.06s0,.7.29.98l13.39,13.28c1.01.18,4.38-4.73,5.66-4.83Z\"><\/path><path d=\"M19.65,15.32c1.62-.47,5.78.45,7.46,1.04,6.05,2.14,8.95,7.24,8.22,13.6-.38,3.27-5.02,2.33-7.34,1.79-5.44-1.26-8.18-5.65-9.18-10.89-.3-1.58-1.12-4.97.84-5.54ZM31.52,28.39c.54-5.32-4.04-8.92-8.99-9,.52,5.22,3.43,9.03,8.99,9Z\"><\/path><path d=\"M9.28,55.1c2.76-.58,3.37,3.04,1.23,3.67-2.97.88-3.65-3.17-1.23-3.67Z\"><\/path><\/g><\/g><\/g><\/svg>\t\t\t\t<\/span>\n\t\t\t<\/div>\n\t\t\t\n\t\t\t\t\t\t<div class=\"elementor-icon-box-content\">\n\n\t\t\t\t\n\t\t\t\t\t\t\t\t\t<p class=\"elementor-icon-box-description\">\n\t\t\t\t\t\tCrecimiento econ\u00f3mico y social\t\t\t\t\t<\/p>\n\t\t\t\t\n\t\t\t<\/div>\n\t\t\t\n\t\t<\/div>\n\t\t\t\t\t\t<\/div>\n\t\t\t\t<\/div>\n\t\t\t\t<div class=\"elementor-element elementor-element-2fd22b4c elementor-view-default elementor-position-block-start elementor-mobile-position-block-start elementor-widget elementor-widget-icon-box\" data-id=\"2fd22b4c\" data-element_type=\"widget\" data-widget_type=\"icon-box.default\">\n\t\t\t\t<div class=\"elementor-widget-container\">\n\t\t\t\t\t\t\t<div class=\"elementor-icon-box-wrapper\">\n\n\t\t\t\t\t\t<div class=\"elementor-icon-box-icon\">\n\t\t\t\t<span  class=\"elementor-icon\">\n\t\t\t\t<svg xmlns=\"http:\/\/www.w3.org\/2000\/svg\" id=\"Layer_2\" data-name=\"Layer 2\" viewBox=\"0 0 83.68 35.98\"><defs><style>      .cls-1 {        fill: #fff;      }    <\/style><\/defs><g id=\"Layer_1-2\" data-name=\"Layer 1\"><g id=\"uKMsqC\"><g><path d=\"M8.74,35.98L39.53,0h1.48c.05,0,.2.4.2.44v3.56c.52-.07,1.23.19,1.62-.19V0h1.75l30.47,35.97h-32.1v-19.61h-2v19.61H8.74ZM42.96,6.63h-2v4.75h2v-4.75Z\"><\/path><polygon points=\"48.15 0 83.68 35.98 78.75 35.98 47.15 1.13 46.34 0 48.15 0\"><\/polygon><path d=\"M37.34,0c.05.22-.09.25-.19.38-.22.28-.62.71-.87,1C25.89,12.94,15.24,24.35,5,35.98H0L35.53,0h1.81Z\"><\/path><rect class=\"cls-1\" x=\"40.96\" y=\"6.63\" width=\"2\" height=\"4.75\"><\/rect><\/g><\/g><\/g><\/svg>\t\t\t\t<\/span>\n\t\t\t<\/div>\n\t\t\t\n\t\t\t\t\t\t<div class=\"elementor-icon-box-content\">\n\n\t\t\t\t\n\t\t\t\t\t\t\t\t\t<p class=\"elementor-icon-box-description\">\n\t\t\t\t\t\t15 km de v\u00eda\t\t\t\t\t<\/p>\n\t\t\t\t\n\t\t\t<\/div>\n\t\t\t\n\t\t<\/div>\n\t\t\t\t\t\t<\/div>\n\t\t\t\t<\/div>\n\t\t\t\t<div class=\"elementor-element elementor-element-24b58360 elementor-view-default elementor-position-block-start elementor-mobile-position-block-start elementor-widget elementor-widget-icon-box\" data-id=\"24b58360\" data-element_type=\"widget\" data-widget_type=\"icon-box.default\">\n\t\t\t\t<div class=\"elementor-widget-container\">\n\t\t\t\t\t\t\t<div class=\"elementor-icon-box-wrapper\">\n\n\t\t\t\t\t\t<div class=\"elementor-icon-box-icon\">\n\t\t\t\t<span  class=\"elementor-icon\">\n\t\t\t\t<svg xmlns=\"http:\/\/www.w3.org\/2000\/svg\" id=\"Layer_2\" data-name=\"Layer 2\" viewBox=\"0 0 73.61 42.9\"><g id=\"Layer_1-2\" data-name=\"Layer 1\"><g id=\"DMxiee\"><g><path d=\"M21.03,20.61h-2.95s.19-2.97.19-2.97c.56-.8,2.63,0,3.84-.78,1.84-1.19,3.12-6.6,5.95-7.51l16.54.1c3.06.95,4.54,6.79,5.87,7.59,1,.6,2.7-.13,3.81.4.62.44.61,2.57,0,3l-2.97.18c-.26.26.18,6.1-.02,7.34-.18,1.11-1.05,1.63-1.22,2.56-.55,2.88,1.57,6.11-2.75,6.11-4.06,0-2.45-2.91-2.73-5.92h-16.4c.31,4.74.33,7.09-5.22,5.52-.58-.41-.08-4.52-.33-5.64-.19-.84-1.6-2.39-1.6-3.03v-6.94ZM25.72,19.29l20.34.48.99-.69c.5-2.58-.82-6.22-3.61-6.79-2.04-.41-11.63-.41-13.76-.07-2.76.44-4.34,4.55-3.96,7.07Z\"><\/path><path d=\"M73.61,42.9h-7.57l-5.05-14.93c-.09-.87.05-.55.63-.63.96-.14,4.51-.21,5.05.43l6.95,15.13Z\"><\/path><path d=\"M0,42.9l7.14-15.36c.93-.3,5.38-.54,5.46.42l-5.66,14.94H0Z\"><\/path><path d=\"M17.66,13.04l-3.14,8.84c-.87.89-3.95.2-5.27.4l4.27-9.18,4.14-.07Z\"><\/path><path d=\"M63.93,22.29l-4.98-.07-3.01-9.18c1.31.13,3.3-.47,4.24.6l3.76,8.65Z\"><\/path><path d=\"M22.29,0l-2.72,8c-.58.79-2.62.29-3.58.41L19.41.06l2.88-.06Z\"><\/path><path d=\"M57.62,8.41C52.49,9.79,52.51,3.5,51.32,0l2.74.41,3.56,8Z\"><\/path><\/g><\/g><\/g><\/svg>\t\t\t\t<\/span>\n\t\t\t<\/div>\n\t\t\t\n\t\t\t\t\t\t<div class=\"elementor-icon-box-content\">\n\n\t\t\t\t\n\t\t\t\t\t\t\t\t\t<p class=\"elementor-icon-box-description\">\n\t\t\t\t\t\tFacilidad en traslado de productos\t\t\t\t\t<\/p>\n\t\t\t\t\n\t\t\t<\/div>\n\t\t\t\n\t\t<\/div>\n\t\t\t\t\t\t<\/div>\n\t\t\t\t<\/div>\n\t\t\t\t<div class=\"elementor-element elementor-element-6b6f6a9b elementor-view-default elementor-position-block-start elementor-mobile-position-block-start elementor-widget elementor-widget-icon-box\" data-id=\"6b6f6a9b\" data-element_type=\"widget\" data-widget_type=\"icon-box.default\">\n\t\t\t\t<div class=\"elementor-widget-container\">\n\t\t\t\t\t\t\t<div class=\"elementor-icon-box-wrapper\">\n\n\t\t\t\t\t\t<div class=\"elementor-icon-box-icon\">\n\t\t\t\t<span  class=\"elementor-icon\">\n\t\t\t\t<svg xmlns=\"http:\/\/www.w3.org\/2000\/svg\" id=\"Layer_2\" data-name=\"Layer 2\" viewBox=\"0 0 146.14 130.35\"><g id=\"Layer_1-2\" data-name=\"Layer 1\"><g id=\"UuSXzW\"><g><path d=\"M70.34,107.31l-.91,6.97h6.97l-.61-6.97h37.14l33.2,23.04h-67.46c-.66,0-.84-6.92-1.23-6.98h-8.92c-.27,1.97-.26,4.31-.61,6.22-.05.25-.23.76-.45.76H0c10.86-7.94,22.17-15.31,33.2-23.04h37.14Z\"><\/path><rect x=\"19.71\" y=\"66.98\" width=\"106.72\" height=\"17.28\"><\/rect><path d=\"M119.46,65.17H26.68c.37-4.15.88-8.35,2.04-12.36.51-1.76,1.9-6.36,3.88-6.73l81.39.15c3.34,1.4,5.28,15.42,5.46,18.94Z\"><\/path><path d=\"M119.46,86.39c-.28,2.54-.53,5.12-1.01,7.64-.47,2.48-2.27,10.79-4.97,11.4l-80.74-.08c-1.59-.42-2.68-2.87-3.26-4.32-1.78-4.51-2.19-9.86-2.8-14.63h92.78Z\"><\/path><path d=\"M48.51,43.94l2.73-28.8c-2.78.12-4.64-.95-4.85,2.58-.16,2.57,1.76,2.01,1.84,4.24.04,1.04-.44,5.23-.7,6.29-.7,2.95-5.42,3.49-6.12,1.12-.47-1.56.05-7.92,1.21-9.06.44-.43,1.3-.6,1.5-.93.36-.61.33-2.93.65-3.9.95-2.85,4.02-2.51,6.43-2.52.5-4.07,2.03-6.03,6.24-6.34,10.35-.77,21.67.57,32.12.05,3.66.44,4.95,2.93,5.38,6.29,1.79.23,3.38-.44,4.96.65,2.49,1.71,1.15,4.11,2.13,5.75.27.45,1.21.63,1.56,1.01.88.95,1.51,6.88,1.32,8.26-.42,3.08-5.56,2.94-6.36-.65-.25-1.11-.66-4.62-.66-5.74,0-.56.28-1.65.62-2.06.39-.48,1.15-.34,1.25-.72.19-.75-.13-3.59-.74-4.08-.79-.63-3.05-.11-4.12-.27l2.73,28.8h-49.12ZM62.72,12.06c.19-.31.13-2.3-.24-2.55-.4-.28-4.15-.26-4.43.15-.22.32-.29,2.24.04,2.48.58.42,4.33.41,4.63-.08ZM88.18,12.06c.19-.31.13-2.3-.24-2.55-.4-.28-4.15-.26-4.43.15-.22.32-.29,2.24.04,2.48.58.42,4.33.41,4.63-.08ZM92.78,39.7l-2.19-23.43-.85-.97-32.3-.18c-.94-.09-1.74.48-1.93,1.41l-2.15,23.17h39.41Z\"><\/path><path d=\"M84.29,4.83h-5.46c-.86-6.44,6.32-6.44,5.46,0Z\"><\/path><path d=\"M20.01,65.17c-.72-.69,3.65-6.55,5.3-6.37l-.45,6.37h-4.85Z\"><\/path><path d=\"M126.13,65.17h-4.85l-.45-6.37c2.53.97,4.73,3.78,5.3,6.37Z\"><\/path><path d=\"M58.06,37.88c-.85-.26-.5-2.83.01-3.63,1.44-2.25,5.25-.72,5.87-1.25.86-.74.52-7.74,3.08-8.6,1.17-.39,9.45-.35,11.05-.17,3.92.44,2.87,5.96,4.13,8.75,1.29.21,2.77-.14,4.04.06,2.79.44,2.63,4.83,1.84,4.83h-30.02Z\"><\/path><\/g><\/g><\/g><\/svg>\t\t\t\t<\/span>\n\t\t\t<\/div>\n\t\t\t\n\t\t\t\t\t\t<div class=\"elementor-icon-box-content\">\n\n\t\t\t\t\n\t\t\t\t\t\t\t\t\t<p class=\"elementor-icon-box-description\">\n\t\t\t\t\t\tCarpeta Asf\u00e1ltica de 3 pulgadas\t\t\t\t\t<\/p>\n\t\t\t\t\n\t\t\t<\/div>\n\t\t\t\n\t\t<\/div>\n\t\t\t\t\t\t<\/div>\n\t\t\t\t<\/div>\n\t\t\t\t<div class=\"elementor-element elementor-element-2a995d44 elementor-view-default elementor-position-block-start elementor-mobile-position-block-start elementor-widget elementor-widget-icon-box\" data-id=\"2a995d44\" data-element_type=\"widget\" data-widget_type=\"icon-box.default\">\n\t\t\t\t<div class=\"elementor-widget-container\">\n\t\t\t\t\t\t\t<div class=\"elementor-icon-box-wrapper\">\n\n\t\t\t\t\t\t<div class=\"elementor-icon-box-icon\">\n\t\t\t\t<span  class=\"elementor-icon\">\n\t\t\t\t<svg xmlns=\"http:\/\/www.w3.org\/2000\/svg\" id=\"Layer_2\" data-name=\"Layer 2\" viewBox=\"0 0 128.26 147.41\"><g id=\"Layer_1-2\" data-name=\"Layer 1\"><g id=\"YpKWJH\"><g><path d=\"M73.63,147.41h-19.86c-3.91-1.75-3.42-7.07.99-7.5,5.99-.58,13.07.35,19.17.15,3.66,1.75,3.38,5.84-.3,7.35Z\"><\/path><path d=\"M80.83,117.47c4.01.45,3.92,6.45.08,7.13l-33.9.07c-4.45-1.13-4.13-6.01-.22-7.62-1.03-3.25-1.5-6.85-2.53-10.07-3.39-10.65-13.4-17.5-18.07-28.27-9.16-21.11,4.79-45.91,26.22-51.99,34.79-9.86,65.29,27.14,45.42,58.66-3.61,5.72-8.79,10.1-11.96,15.96-2.77,5.13-3.75,10.49-5.03,16.12ZM54.36,117.17l18.71-.11c1.84-7.35,3.07-14.07,6.95-20.68,3.65-6.22,9.12-10.58,12.66-16.99,13.38-24.27-9.22-51.24-35.46-46.11-18.17,3.55-31.32,23.41-24.59,41.31,3.67,9.76,11.78,15.38,16.41,24.46,2.91,5.72,3.96,11.92,5.33,18.13Z\"><\/path><path d=\"M47.36,128.76l32.43-.04c3.9.77,4.58,5.46.95,7.23-10.98.51-22.11.1-33.14.21-4.02-1.03-4.19-6.11-.24-7.4Z\"><\/path><path d=\"M62.9.1c2.38-.53,4.42,1.21,4.69,3.54.31,2.73.39,12.65-.07,15.19-.76,4.18-6.9,4.11-7.42-.21-.34-2.84-.39-12.81.02-15.53.19-1.24,1.57-2.71,2.78-2.98Z\"><\/path><path d=\"M112.41,21.69c3.11-.17,4.85,3.08,3.43,5.74-.46.87-9.59,10.09-10.57,10.73-3.7,2.42-7.71-1.61-5.3-5.3.71-1.09,9.23-9.61,10.35-10.38.56-.39,1.42-.75,2.09-.79Z\"><\/path><path d=\"M95.43,97.97c1.4-.25,2.27-.02,3.39.8,3.49,2.56,6.88,7.54,10.35,10.37,2.06,3.95-1.77,7.55-5.58,5.01-1.12-.75-9.51-9.12-10.22-10.21-1.39-2.13-.6-5.48,2.07-5.96Z\"><\/path><path d=\"M13.95,21.73c.74,0,1.66.29,2.26.76l10.63,10.67c1.93,3.93-2.01,7.34-5.7,4.83-1.33-.9-9.61-9.24-10.26-10.46-1.43-2.7-.09-5.76,3.07-5.79Z\"><\/path><path d=\"M32.95,98.86c.98.94,1.19,2.74.9,4.02-.43,1.9-9.7,9.49-11.34,11.68-3.81,1.54-7.03-1.77-4.9-5.47.84-1.46,8.24-8.78,9.82-10.04s3.87-1.77,5.52-.18Z\"><\/path><path d=\"M19.71,71.03c-.47.47-1.38.89-2.05.97-4.58.55-10.26-.42-14.96-.02-4.03-1.63-3.39-6.73.92-7.39,2.63-.4,10.73-.38,13.42-.04,3.29.41,5.02,4.14,2.67,6.49Z\"><\/path><path d=\"M108.55,71.03c-2.35-2.35-.62-6.08,2.67-6.49,2.69-.34,10.79-.36,13.42.04,4.32.66,4.95,5.77.92,7.39-4.7-.39-10.38.58-14.96.02-.68-.08-1.59-.5-2.05-.97Z\"><\/path><path d=\"M60.1,73.86c-2.69-1.16-5.22-2.38-7.19-4.61-5.95-6.75-4.48-17.66,3.24-22.36.69-.42,3.78-1.54,3.89-1.72.56-.9-.83-3.26,1.39-5.09,1.91-1.57,4.28-1,5.52,1.01.86,1.4.51,3.93.65,4.1s3.42,1.05,4.2,1.41c1.85.87,8.17,5.02,8.65,6.89.72,2.79-.87,5.14-3.82,4.99-2.58-.13-6.09-4.91-9.06-5.49v13.96c2.05.95,3.83,1.58,5.6,3.03,8.05,6.58,6.95,19.32-2.15,24.32-.78.43-3.31,1.18-3.43,1.32-.15.17.03,2.1-.05,2.68-.46,3.3-4.66,4.65-6.72,1.88-1.27-1.71-.34-3.8-.87-4.6-.13-.19-3.46-1.45-4.19-1.85-2.01-1.11-7.8-5.57-8.54-7.58-.93-2.52.63-5.41,3.5-5.25,2.97.17,6.21,5.66,9.36,6.63v-13.67ZM60.1,53.57c-.58-.07-.94.49-1.3.86-3.17,3.24-2.64,8.7,1.3,10.94v-11.8ZM67.59,87.54c4.29-2.28,4.75-8.71.86-11.66-.29-.22-.36-.56-.86-.43v12.09Z\"><\/path><\/g><\/g><\/g><\/svg>\t\t\t\t<\/span>\n\t\t\t<\/div>\n\t\t\t\n\t\t\t\t\t\t<div class=\"elementor-icon-box-content\">\n\n\t\t\t\t\n\t\t\t\t\t\t\t\t\t<p class=\"elementor-icon-box-description\">\n\t\t\t\t\t\t5,76 millones de d\u00f3lares de inversi\u00f3n\t\t\t\t\t<\/p>\n\t\t\t\t\n\t\t\t<\/div>\n\t\t\t\n\t\t<\/div>\n\t\t\t\t\t\t<\/div>\n\t\t\t\t<\/div>\n\t\t\t\t<div class=\"elementor-element elementor-element-713bd711 elementor-view-default elementor-position-block-start elementor-mobile-position-block-start elementor-widget elementor-widget-icon-box\" data-id=\"713bd711\" data-element_type=\"widget\" data-widget_type=\"icon-box.default\">\n\t\t\t\t<div class=\"elementor-widget-container\">\n\t\t\t\t\t\t\t<div class=\"elementor-icon-box-wrapper\">\n\n\t\t\t\t\t\t<div class=\"elementor-icon-box-icon\">\n\t\t\t\t<span  class=\"elementor-icon\">\n\t\t\t\t<svg xmlns=\"http:\/\/www.w3.org\/2000\/svg\" id=\"Layer_2\" data-name=\"Layer 2\" viewBox=\"0 0 54.52 52.65\"><g id=\"Layer_1-2\" data-name=\"Layer 1\"><g id=\"V6OQCl\"><g><path d=\"M7.37,44.57C-4.76,31.95-1.47,11.21,13.95,3.04c7.03-3.73,17.02-4.23,24.1-.33,2.63,1.45.95,4.97-1.64,4.15-1.69-.54-3.06-1.43-4.99-1.87C10.6.19-4.21,24.87,9.87,40.82c13.91,15.76,39.17,5.06,38.33-16.2-.05-1.21-.63-2.4.21-3.48s2.72-1.12,3.54.06c.7,1.01.78,4.95.72,6.27-1.04,23-29.26,33.77-45.29,17.1Z\"><\/path><path d=\"M49.8,2.36c3.79-.59,6.17,3.65,3.73,6.57l-26.05,28.03c-1.63,1.53-3.9,1.62-5.62.16l-8.87-10.32c-2.43-3.87,2.18-8,5.76-5.32l5.94,6.7L46.88,4.34c.85-.86,1.65-1.79,2.92-1.99Z\"><\/path><\/g><\/g><\/g><\/svg>\t\t\t\t<\/span>\n\t\t\t<\/div>\n\t\t\t\n\t\t\t\t\t\t<div class=\"elementor-icon-box-content\">\n\n\t\t\t\t\n\t\t\t\t\t\t\t\t\t<p class=\"elementor-icon-box-description\">\n\t\t\t\t\t\tMejora en servicios de educaci\u00f3n y salud\t\t\t\t\t<\/p>\n\t\t\t\t\n\t\t\t<\/div>\n\t\t\t\n\t\t<\/div>\n\t\t\t\t\t\t<\/div>\n\t\t\t\t<\/div>\n\t\t\t\t<\/div>\n\t\t\t\t<\/div>\n\t\t\t\t\t<\/div>\n\t\t\t\t<\/div>\n\t\t\t\t<\/div>\n\t\t","protected":false},"excerpt":{"rendered":"<p>Cascol &#8211; Las Maravillas Gracias a la visi\u00f3n y gesti\u00f3n del prefecto Leonardo\u00a0 Orlando, Paj\u00e1n contar\u00e1 con una nueva obra vial. Se trata de la construcci\u00f3n de la v\u00eda Cascol &#8211; Las Maravillas, de 15 km. La obra, que representa bienestar, desarrollo y progreso para este cant\u00f3n manabita; cuenta con financiamiento aprobado por el Banco [&hellip;]<\/p>\n","protected":false},"author":1,"featured_media":0,"parent":0,"menu_order":0,"comment_status":"closed","ping_status":"closed","template":"","meta":{"footnotes":""},"class_list":["post-1032","page","type-page","status-publish","hentry"],"_links":{"self":[{"href":"https:\/\/manabi.gob.ec\/viasdelbicentenario\/wp-json\/wp\/v2\/pages\/1032","targetHints":{"allow":["GET"]}}],"collection":[{"href":"https:\/\/manabi.gob.ec\/viasdelbicentenario\/wp-json\/wp\/v2\/pages"}],"about":[{"href":"https:\/\/manabi.gob.ec\/viasdelbicentenario\/wp-json\/wp\/v2\/types\/page"}],"author":[{"embeddable":true,"href":"https:\/\/manabi.gob.ec\/viasdelbicentenario\/wp-json\/wp\/v2\/users\/1"}],"replies":[{"embeddable":true,"href":"https:\/\/manabi.gob.ec\/viasdelbicentenario\/wp-json\/wp\/v2\/comments?post=1032"}],"version-history":[{"count":37,"href":"https:\/\/manabi.gob.ec\/viasdelbicentenario\/wp-json\/wp\/v2\/pages\/1032\/revisions"}],"predecessor-version":[{"id":1416,"href":"https:\/\/manabi.gob.ec\/viasdelbicentenario\/wp-json\/wp\/v2\/pages\/1032\/revisions\/1416"}],"wp:attachment":[{"href":"https:\/\/manabi.gob.ec\/viasdelbicentenario\/wp-json\/wp\/v2\/media?parent=1032"}],"curies":[{"name":"wp","href":"https:\/\/api.w.org\/{rel}","templated":true}]}}